{"id":2,"date":"2011-04-03T12:15:08","date_gmt":"2011-04-03T12:15:08","guid":{"rendered":"http:\/\/huxlipux.de\/wp\/?page_id=2"},"modified":"2013-10-12T08:00:29","modified_gmt":"2013-10-12T06:00:29","slug":"ein-blog-fuer-kinder","status":"publish","type":"page","link":"https:\/\/huxlipux.de\/blog\/ein-blog-fuer-kinder\/","title":{"rendered":"\u00dcber Huxlipux"},"content":{"rendered":"<p>Liebe Eltern!<\/p>\n<p>Wir begr\u00fc\u00dfen Sie in Huxlipux!<\/p>\n<p>Hier sind Kinder von 4 bis 7 Jahren etwa gut aufgehoben. Genau so haben jung gebliebene Erwachsene mit Fantasie Freude an Huxlipux.<br \/>\nDas ist vor allem dann so gut, weil Sie neben ihren Kindern\u00a0 sitzen. Allein k\u00f6nnen die\u00a0 nicht viel mit Huxlipux anfangen, Sie werden ihnen die Texte vorlesen und ihnen erm\u00f6glichen, etwas mitzumachen, nach zu erz\u00e4hlen, aufzumalen, an uns zu schicken und dergleichen mehr.<\/p>\n<p>Das Zuh\u00f6ren st\u00e4rkt und entwickelt die Phantasie des Kindes, weckt die Lust, selbst mit kreativ zu sein und sp\u00e4ter auch die Freude zu haben, mit seinem Namen oder Bildchen dabei zu sein, und auch andere Internet-Nutzer, wie Oma oder Opa oder Freunde zu erfreuen. Aber wir wissen, auch das funktioniert nur, wenn Eltern diese Zeit f\u00fcr die Kinder aufbringen.<\/p>\n<p>Man muss nichts bezahlen, und auch keine Anschriften bekannt geben. Die Gestalter der Beitr\u00e4ge bekommen kein Geld daf\u00fcr sondern schenken diese Seiten Ihren Kindern. Warum? Weil wir alle daran interessiert sind kluge, gebildete und vor allem auch\u00a0 liebevolle und solidarische Kinder neben und nach uns aufwachsen zu sehen. Hier k\u00f6nnen sie mit erleben, dass nicht die Ellenbogen Freunde verschaffen\u00a0 sondern das freundliche L\u00e4cheln und die Freude, die man miteinander erlebt. Die Erlebnisse der Huxlipuxer Kuscheltiere sind so, dass Ihre Kinder sie nachspielen k\u00f6nnen.<\/p>\n<p>Dazu haben wir die Geschichten\u00a0 der Spielzeugschar aus Huxlipux mit der Osterhasenoma, Clown Bopsi, Giraffe Susi, L\u00f6we Gutlieb u.a., M\u00e4rchen, Gedichte und Lieder. Sie k\u00f6nnen von Katja erfahren, wie ganz kleine Begebenheiten oder Pflanzen, Tiere, Dinge, die gar nichts kosten,\u00a0 zu Gl\u00fccksp\u00fcnktchen eines Tages werden.\u00a0 In der Kindergalerie werden die Zeichnungen Ihrer Kinder gezeigt, die Sie uns schicken. Aber wir stellen auch Bilder von Malern vor, die Kinderb\u00fccher illustrierten und durch sie ber\u00fchmt wurden. Kapit\u00e4n Peter Hoffmann erz\u00e4hlt Wissenswertes \u00fcber ein riesiges Containerschiff und den Reisen in einer sehr fernen Welt.<br \/>\nDer Tenor Kim Schrader singt Lieder, und wir geben Ihnen die Texte dazu.<br \/>\nWir sind keine Zeitschrift und auch kein Buch, aber vielleicht tragen wir dazu bei, dass Ihr Kind sich auch einmal ein Buch w\u00fcnscht, aus dem Sie ihm vorlesen. Sie k\u00f6nnen sich die Beitr\u00e4ge auch ausdrucken, um beim abendlichen Vorlesen, vielleicht am Bett des Kindes, den Text in der Hand zu haben.<br \/>\nM\u00f6ge es auch Ihnen, liebe Eltern, Spa\u00df machen, in unseren Seiten zu st\u00f6bern!<\/p>\n<p>Es gibt immer Neues, fast jeden Tag geschieht irgend etwas Kleines, Manchmal nur ein Bild, manchmal ein Extralied. Alles ist so gemacht, dass es kein Kind \u00fcberfordert.<\/p>\n<p>&nbsp;<\/p>\n<p style=\"text-align: left;\">Die Betreuer, mit dem Herzen dabei, sind:<\/p>\n<p style=\"text-align: left;\"><strong>Ursula B\u00f6hnke-Kuckhoff<\/strong>, Autorin von Huxlipux,\u00a0 M\u00e4rchen und Liedern<\/p>\n<p style=\"text-align: left;\"><strong>Till Schrader, <\/strong>technische Konzeption, Gestaltung und Umsetzung Internetauftritt\/Blog<\/p>\n<p style=\"text-align: left;\"><strong>Peter Hoffmann und Katrin Schrader <\/strong>zeigen das Containerschiff Zim Ontario und erz\u00e4hlen \u00fcber das Leben des Kapit\u00e4ns in den Freizeiten<\/p>\n<p style=\"text-align: left;\"><strong>Kim Schrader<\/strong>, musikalische Betreuung\u00a0 und er singt viele Lieder f\u00fcr Kinder<\/p>\n<p style=\"text-align: left;\"><strong>Barbara B\u00f6hnke<\/strong>,\u00a0 Alltagsgeschichten von Tieren und Leuten\u00a0 in ihrem Wohnort Wei\u00dfensee.<\/p>\n<p style=\"text-align: left;\"><strong>Katja Schrader,<\/strong> ist unser Gl\u00fccksp\u00fcnktchen, die solche auch den Anguckern erlebbar macht<\/p>\n<p style=\"text-align: left;\"><strong>Maja Drachsel,<\/strong> Meistersch\u00fclerin der Hochschule f\u00fcr Bildende K\u00fcnste Dresden malte den Huxlipux-Titel<\/p>\n<p><strong>Karin Kettmann<\/strong> \u00fcberlegt Fotos die immer neue Huxlipuxgeschichten ergeben k\u00f6nnen.<\/p>\n<p><strong>Constanze Lindner<\/strong> bastelt Tiere gesund, bindet ihnen einen Schlips um oder stellt auch eine Wahlkabine her<\/p>\n<p>&nbsp;<\/p>\n","protected":false},"excerpt":{"rendered":"<p class=\"excerpt\">Liebe Eltern! Wir begr\u00fc\u00dfen Sie in Huxlipux! Hier sind Kinder von 4 bis 7 Jahren etwa gut aufgehoben. Genau so haben jung gebliebene Erwachsene mit Fantasie Freude an Huxlipux. Das&hellip; <span class=\"more-link\">more<\/span><\/p>\n","protected":false},"author":1,"featured_media":0,"parent":0,"menu_order":0,"comment_status":"open","ping_status":"open","template":"","meta":{"footnotes":""},"class_list":["post-2","page","type-page","status-publish","hentry"],"yoast_head":"<!-- This site is optimized with the Yoast SEO plugin v26.9 - https:\/\/yoast.com\/product\/yoast-seo-wordpress\/ -->\n<title>\u00dcber Huxlipux - Huxlipux.de<\/title>\n<meta name=\"robots\" content=\"index, follow, max-snippet:-1, max-image-preview:large, max-video-preview:-1\" \/>\n<link rel=\"canonical\" href=\"https:\/\/huxlipux.de\/blog\/ein-blog-fuer-kinder\/\" \/>\n<meta property=\"og:locale\" content=\"de_DE\" \/>\n<meta property=\"og:type\" content=\"article\" \/>\n<meta property=\"og:title\" content=\"\u00dcber Huxlipux - Huxlipux.de\" \/>\n<meta property=\"og:description\" content=\"Liebe Eltern! Wir begr\u00fc\u00dfen Sie in Huxlipux! Hier sind Kinder von 4 bis 7 Jahren etwa gut aufgehoben. Genau so haben jung gebliebene Erwachsene mit Fantasie Freude an Huxlipux. Das&hellip; more\" \/>\n<meta property=\"og:url\" content=\"https:\/\/huxlipux.de\/blog\/ein-blog-fuer-kinder\/\" \/>\n<meta property=\"og:site_name\" content=\"Huxlipux.de\" \/>\n<meta property=\"article:modified_time\" content=\"2013-10-12T06:00:29+00:00\" \/>\n<meta name=\"twitter:label1\" content=\"Gesch\u00e4tzte Lesezeit\" \/>\n\t<meta name=\"twitter:data1\" content=\"3\u00a0Minuten\" \/>\n<script type=\"application\/ld+json\" class=\"yoast-schema-graph\">{\"@context\":\"https:\/\/schema.org\",\"@graph\":[{\"@type\":\"WebPage\",\"@id\":\"https:\/\/huxlipux.de\/blog\/ein-blog-fuer-kinder\/\",\"url\":\"https:\/\/huxlipux.de\/blog\/ein-blog-fuer-kinder\/\",\"name\":\"\u00dcber Huxlipux - Huxlipux.de\",\"isPartOf\":{\"@id\":\"https:\/\/huxlipux.de\/blog\/#website\"},\"datePublished\":\"2011-04-03T12:15:08+00:00\",\"dateModified\":\"2013-10-12T06:00:29+00:00\",\"breadcrumb\":{\"@id\":\"https:\/\/huxlipux.de\/blog\/ein-blog-fuer-kinder\/#breadcrumb\"},\"inLanguage\":\"de\",\"potentialAction\":[{\"@type\":\"ReadAction\",\"target\":[\"https:\/\/huxlipux.de\/blog\/ein-blog-fuer-kinder\/\"]}]},{\"@type\":\"BreadcrumbList\",\"@id\":\"https:\/\/huxlipux.de\/blog\/ein-blog-fuer-kinder\/#breadcrumb\",\"itemListElement\":[{\"@type\":\"ListItem\",\"position\":1,\"name\":\"Home\",\"item\":\"https:\/\/huxlipux.de\/blog\/\"},{\"@type\":\"ListItem\",\"position\":2,\"name\":\"\u00dcber Huxlipux\"}]},{\"@type\":\"WebSite\",\"@id\":\"https:\/\/huxlipux.de\/blog\/#website\",\"url\":\"https:\/\/huxlipux.de\/blog\/\",\"name\":\"Huxlipux.de\",\"description\":\"Kinder-Geschichten Blog f\u00fcr Kinder von 3 bis 99\",\"potentialAction\":[{\"@type\":\"SearchAction\",\"target\":{\"@type\":\"EntryPoint\",\"urlTemplate\":\"https:\/\/huxlipux.de\/blog\/?s={search_term_string}\"},\"query-input\":{\"@type\":\"PropertyValueSpecification\",\"valueRequired\":true,\"valueName\":\"search_term_string\"}}],\"inLanguage\":\"de\"}]}<\/script>\n<!-- \/ Yoast SEO plugin. -->","yoast_head_json":{"title":"\u00dcber Huxlipux - Huxlipux.de","robots":{"index":"index","follow":"follow","max-snippet":"max-snippet:-1","max-image-preview":"max-image-preview:large","max-video-preview":"max-video-preview:-1"},"canonical":"https:\/\/huxlipux.de\/blog\/ein-blog-fuer-kinder\/","og_locale":"de_DE","og_type":"article","og_title":"\u00dcber Huxlipux - Huxlipux.de","og_description":"Liebe Eltern! Wir begr\u00fc\u00dfen Sie in Huxlipux! Hier sind Kinder von 4 bis 7 Jahren etwa gut aufgehoben. Genau so haben jung gebliebene Erwachsene mit Fantasie Freude an Huxlipux. Das&hellip; more","og_url":"https:\/\/huxlipux.de\/blog\/ein-blog-fuer-kinder\/","og_site_name":"Huxlipux.de","article_modified_time":"2013-10-12T06:00:29+00:00","twitter_misc":{"Gesch\u00e4tzte Lesezeit":"3\u00a0Minuten"},"schema":{"@context":"https:\/\/schema.org","@graph":[{"@type":"WebPage","@id":"https:\/\/huxlipux.de\/blog\/ein-blog-fuer-kinder\/","url":"https:\/\/huxlipux.de\/blog\/ein-blog-fuer-kinder\/","name":"\u00dcber Huxlipux - Huxlipux.de","isPartOf":{"@id":"https:\/\/huxlipux.de\/blog\/#website"},"datePublished":"2011-04-03T12:15:08+00:00","dateModified":"2013-10-12T06:00:29+00:00","breadcrumb":{"@id":"https:\/\/huxlipux.de\/blog\/ein-blog-fuer-kinder\/#breadcrumb"},"inLanguage":"de","potentialAction":[{"@type":"ReadAction","target":["https:\/\/huxlipux.de\/blog\/ein-blog-fuer-kinder\/"]}]},{"@type":"BreadcrumbList","@id":"https:\/\/huxlipux.de\/blog\/ein-blog-fuer-kinder\/#breadcrumb","itemListElement":[{"@type":"ListItem","position":1,"name":"Home","item":"https:\/\/huxlipux.de\/blog\/"},{"@type":"ListItem","position":2,"name":"\u00dcber Huxlipux"}]},{"@type":"WebSite","@id":"https:\/\/huxlipux.de\/blog\/#website","url":"https:\/\/huxlipux.de\/blog\/","name":"Huxlipux.de","description":"Kinder-Geschichten Blog f\u00fcr Kinder von 3 bis 99","potentialAction":[{"@type":"SearchAction","target":{"@type":"EntryPoint","urlTemplate":"https:\/\/huxlipux.de\/blog\/?s={search_term_string}"},"query-input":{"@type":"PropertyValueSpecification","valueRequired":true,"valueName":"search_term_string"}}],"inLanguage":"de"}]}},"_links":{"self":[{"href":"https:\/\/huxlipux.de\/blog\/wp-json\/wp\/v2\/pages\/2","targetHints":{"allow":["GET"]}}],"collection":[{"href":"https:\/\/huxlipux.de\/blog\/wp-json\/wp\/v2\/pages"}],"about":[{"href":"https:\/\/huxlipux.de\/blog\/wp-json\/wp\/v2\/types\/page"}],"author":[{"embeddable":true,"href":"https:\/\/huxlipux.de\/blog\/wp-json\/wp\/v2\/users\/1"}],"replies":[{"embeddable":true,"href":"https:\/\/huxlipux.de\/blog\/wp-json\/wp\/v2\/comments?post=2"}],"version-history":[{"count":17,"href":"https:\/\/huxlipux.de\/blog\/wp-json\/wp\/v2\/pages\/2\/revisions"}],"predecessor-version":[{"id":13673,"href":"https:\/\/huxlipux.de\/blog\/wp-json\/wp\/v2\/pages\/2\/revisions\/13673"}],"wp:attachment":[{"href":"https:\/\/huxlipux.de\/blog\/wp-json\/wp\/v2\/media?parent=2"}],"curies":[{"name":"wp","href":"https:\/\/api.w.org\/{rel}","templated":true}]}}