{"id":12,"date":"2011-04-13T10:00:43","date_gmt":"2011-04-13T10:00:43","guid":{"rendered":"http:\/\/huxlipux.de\/?page_id=12"},"modified":"2011-05-30T19:12:56","modified_gmt":"2011-05-30T17:12:56","slug":"impressum","status":"publish","type":"page","link":"https:\/\/huxlipux.de\/blog\/impressum\/","title":{"rendered":"Impressum"},"content":{"rendered":"<p><strong>Huxlipux<br \/>\nist ein kostenloses Angebot f\u00fcr Kinder von 4 &#8211; 7 Jahren<\/strong><\/p>\n<p><strong>Anbieter \/ Inhalte:<\/strong><br \/>\nUrsula B\u00f6hnke Kuckhoff<br \/>\nAhornallee 10c<br \/>\n16548 Glienicke<br \/>\nE-Mail: info@huxlipux.de<\/p>\n<p><strong>Verantwortliche, vertretungsberechtigte Ansprechperson:<\/strong><strong><br \/>\n<\/strong>Ursula B\u00f6hnke Kuckhoff<strong> <\/strong><\/p>\n<p><strong>Datenschutz<\/strong><br \/>\nPersonenbezogene Daten werden nur mit  Ihrem Wissen und  Ihrer  Einwilligung erhoben. Auf Antrag erhalten Sie  unentgeltlich  Auskunft  zu den \u00fcber Sie gespeicherten personenbezogenen Daten.  Wenden  Sie sich  dazu bitte an: Ursula B\u00f6hnke Kuckhoff, info@huxlipux.de<\/p>\n<p><strong>Keine Haftung:<\/strong><br \/>\nDie Inhalte dieses Webprojektes  wurden sorgf\u00e4ltig gepr\u00fcft  und nach  bestem Wissen erstellt. Aber f\u00fcr die hier  dargebotenen  Informationen  wird kein Anspruch auf Vollst\u00e4ndigkeit, Aktualit\u00e4t,   Qualit\u00e4t und  Richtigkeit erhoben. Es kann keine Verantwortung f\u00fcr  Sch\u00e4den   \u00fcbernommen werden, die durch das Vertrauen auf die Inhalte  dieser  Website oder  deren Gebrauch entstehen.<br \/>\n<strong><\/strong><\/p>\n<p><strong>Schutzrechtsverletzung:<\/strong><br \/>\nFalls Sie vermuten, dass von dieser Website aus eines  Ihrer  Schutzrechte  verletzt wird, teilen Sie das bitte umgehend per   elektronischer Post mit, damit  z\u00fcgig Abhilfe geschafft werden kann.   Bitte nehmen Sie zur Kenntnis: Die  zeitaufw\u00e4ndigere Einschaltung eines   Anwaltes zur f\u00fcr den Diensteanbieter  kostenpflichtigen Abmahnung   entspricht nicht dessen wirklichen oder  mutma\u00dflichen Willen.<br \/>\nDie meisten Illustrationen unterliegen den<strong> Urheberrechten<\/strong> von: Huxlipux<\/p>\n","protected":false},"excerpt":{"rendered":"<p class=\"excerpt\">Huxlipux ist ein kostenloses Angebot f\u00fcr Kinder von 4 &#8211; 7 Jahren Anbieter \/ Inhalte: Ursula B\u00f6hnke Kuckhoff Ahornallee 10c 16548 Glienicke E-Mail: info@huxlipux.de Verantwortliche, vertretungsberechtigte Ansprechperson: Ursula B\u00f6hnke Kuckhoff&hellip; <span class=\"more-link\">more<\/span><\/p>\n","protected":false},"author":1,"featured_media":0,"parent":0,"menu_order":3,"comment_status":"open","ping_status":"open","template":"","meta":{"footnotes":""},"class_list":["post-12","page","type-page","status-publish","hentry"],"yoast_head":"<!-- This site is optimized with the Yoast SEO plugin v26.9 - https:\/\/yoast.com\/product\/yoast-seo-wordpress\/ -->\n<title>Impressum - Huxlipux.de<\/title>\n<meta name=\"robots\" content=\"index, follow, max-snippet:-1, max-image-preview:large, max-video-preview:-1\" \/>\n<link rel=\"canonical\" href=\"https:\/\/huxlipux.de\/blog\/impressum\/\" \/>\n<meta property=\"og:locale\" content=\"de_DE\" \/>\n<meta property=\"og:type\" content=\"article\" \/>\n<meta property=\"og:title\" content=\"Impressum - Huxlipux.de\" \/>\n<meta property=\"og:description\" content=\"Huxlipux ist ein kostenloses Angebot f\u00fcr Kinder von 4 &#8211; 7 Jahren Anbieter \/ Inhalte: Ursula B\u00f6hnke Kuckhoff Ahornallee 10c 16548 Glienicke E-Mail: info@huxlipux.de Verantwortliche, vertretungsberechtigte Ansprechperson: Ursula B\u00f6hnke Kuckhoff&hellip; more\" \/>\n<meta property=\"og:url\" content=\"https:\/\/huxlipux.de\/blog\/impressum\/\" \/>\n<meta property=\"og:site_name\" content=\"Huxlipux.de\" \/>\n<meta property=\"article:modified_time\" content=\"2011-05-30T17:12:56+00:00\" \/>\n<meta name=\"twitter:label1\" content=\"Gesch\u00e4tzte Lesezeit\" \/>\n\t<meta name=\"twitter:data1\" content=\"1\u00a0Minute\" \/>\n<script type=\"application\/ld+json\" class=\"yoast-schema-graph\">{\"@context\":\"https:\/\/schema.org\",\"@graph\":[{\"@type\":\"WebPage\",\"@id\":\"https:\/\/huxlipux.de\/blog\/impressum\/\",\"url\":\"https:\/\/huxlipux.de\/blog\/impressum\/\",\"name\":\"Impressum - Huxlipux.de\",\"isPartOf\":{\"@id\":\"https:\/\/huxlipux.de\/blog\/#website\"},\"datePublished\":\"2011-04-13T10:00:43+00:00\",\"dateModified\":\"2011-05-30T17:12:56+00:00\",\"breadcrumb\":{\"@id\":\"https:\/\/huxlipux.de\/blog\/impressum\/#breadcrumb\"},\"inLanguage\":\"de\",\"potentialAction\":[{\"@type\":\"ReadAction\",\"target\":[\"https:\/\/huxlipux.de\/blog\/impressum\/\"]}]},{\"@type\":\"BreadcrumbList\",\"@id\":\"https:\/\/huxlipux.de\/blog\/impressum\/#breadcrumb\",\"itemListElement\":[{\"@type\":\"ListItem\",\"position\":1,\"name\":\"Home\",\"item\":\"https:\/\/huxlipux.de\/blog\/\"},{\"@type\":\"ListItem\",\"position\":2,\"name\":\"Impressum\"}]},{\"@type\":\"WebSite\",\"@id\":\"https:\/\/huxlipux.de\/blog\/#website\",\"url\":\"https:\/\/huxlipux.de\/blog\/\",\"name\":\"Huxlipux.de\",\"description\":\"Kinder-Geschichten Blog f\u00fcr Kinder von 3 bis 99\",\"potentialAction\":[{\"@type\":\"SearchAction\",\"target\":{\"@type\":\"EntryPoint\",\"urlTemplate\":\"https:\/\/huxlipux.de\/blog\/?s={search_term_string}\"},\"query-input\":{\"@type\":\"PropertyValueSpecification\",\"valueRequired\":true,\"valueName\":\"search_term_string\"}}],\"inLanguage\":\"de\"}]}<\/script>\n<!-- \/ Yoast SEO plugin. -->","yoast_head_json":{"title":"Impressum - Huxlipux.de","robots":{"index":"index","follow":"follow","max-snippet":"max-snippet:-1","max-image-preview":"max-image-preview:large","max-video-preview":"max-video-preview:-1"},"canonical":"https:\/\/huxlipux.de\/blog\/impressum\/","og_locale":"de_DE","og_type":"article","og_title":"Impressum - Huxlipux.de","og_description":"Huxlipux ist ein kostenloses Angebot f\u00fcr Kinder von 4 &#8211; 7 Jahren Anbieter \/ Inhalte: Ursula B\u00f6hnke Kuckhoff Ahornallee 10c 16548 Glienicke E-Mail: info@huxlipux.de Verantwortliche, vertretungsberechtigte Ansprechperson: Ursula B\u00f6hnke Kuckhoff&hellip; more","og_url":"https:\/\/huxlipux.de\/blog\/impressum\/","og_site_name":"Huxlipux.de","article_modified_time":"2011-05-30T17:12:56+00:00","twitter_misc":{"Gesch\u00e4tzte Lesezeit":"1\u00a0Minute"},"schema":{"@context":"https:\/\/schema.org","@graph":[{"@type":"WebPage","@id":"https:\/\/huxlipux.de\/blog\/impressum\/","url":"https:\/\/huxlipux.de\/blog\/impressum\/","name":"Impressum - Huxlipux.de","isPartOf":{"@id":"https:\/\/huxlipux.de\/blog\/#website"},"datePublished":"2011-04-13T10:00:43+00:00","dateModified":"2011-05-30T17:12:56+00:00","breadcrumb":{"@id":"https:\/\/huxlipux.de\/blog\/impressum\/#breadcrumb"},"inLanguage":"de","potentialAction":[{"@type":"ReadAction","target":["https:\/\/huxlipux.de\/blog\/impressum\/"]}]},{"@type":"BreadcrumbList","@id":"https:\/\/huxlipux.de\/blog\/impressum\/#breadcrumb","itemListElement":[{"@type":"ListItem","position":1,"name":"Home","item":"https:\/\/huxlipux.de\/blog\/"},{"@type":"ListItem","position":2,"name":"Impressum"}]},{"@type":"WebSite","@id":"https:\/\/huxlipux.de\/blog\/#website","url":"https:\/\/huxlipux.de\/blog\/","name":"Huxlipux.de","description":"Kinder-Geschichten Blog f\u00fcr Kinder von 3 bis 99","potentialAction":[{"@type":"SearchAction","target":{"@type":"EntryPoint","urlTemplate":"https:\/\/huxlipux.de\/blog\/?s={search_term_string}"},"query-input":{"@type":"PropertyValueSpecification","valueRequired":true,"valueName":"search_term_string"}}],"inLanguage":"de"}]}},"_links":{"self":[{"href":"https:\/\/huxlipux.de\/blog\/wp-json\/wp\/v2\/pages\/12","targetHints":{"allow":["GET"]}}],"collection":[{"href":"https:\/\/huxlipux.de\/blog\/wp-json\/wp\/v2\/pages"}],"about":[{"href":"https:\/\/huxlipux.de\/blog\/wp-json\/wp\/v2\/types\/page"}],"author":[{"embeddable":true,"href":"https:\/\/huxlipux.de\/blog\/wp-json\/wp\/v2\/users\/1"}],"replies":[{"embeddable":true,"href":"https:\/\/huxlipux.de\/blog\/wp-json\/wp\/v2\/comments?post=12"}],"version-history":[{"count":11,"href":"https:\/\/huxlipux.de\/blog\/wp-json\/wp\/v2\/pages\/12\/revisions"}],"predecessor-version":[{"id":13605,"href":"https:\/\/huxlipux.de\/blog\/wp-json\/wp\/v2\/pages\/12\/revisions\/13605"}],"wp:attachment":[{"href":"https:\/\/huxlipux.de\/blog\/wp-json\/wp\/v2\/media?parent=12"}],"curies":[{"name":"wp","href":"https:\/\/api.w.org\/{rel}","templated":true}]}}